{"id":892,"date":"2019-09-05T11:25:21","date_gmt":"2019-09-05T14:25:21","guid":{"rendered":"https:\/\/campus.misericordiarosario.edu.ar\/sitio\/saludo-navideno-nivel-primario\/"},"modified":"2024-06-20T11:09:38","modified_gmt":"2024-06-20T14:09:38","slug":"saludo-navideno-nivel-primario","status":"publish","type":"page","link":"https:\/\/campus.misericordiarosario.edu.ar\/sitio\/saludo-navideno-nivel-primario\/","title":{"rendered":"Propuesta Instituto Rossello Misericordia"},"content":{"rendered":"<p><img decoding=\"async\" loading=\"lazy\" class=\"wp-image-1408 aligncenter\" src=\"https:\/\/campus.misericordiarosario.edu.ar\/sitio\/wp-content\/uploads\/2022\/09\/LOGO-IIRM-chico.jpg\" alt=\"\" width=\"229\" height=\"229\" \/><\/p>\n<p>Instituto de Ingl\u00e9s con 50 a\u00f1os de experiencia.<\/p>\n<p>Nuestro plan de estudios, Auxiliar Biling\u00fce, est\u00e1 avalado por el Ministerio de Educaci\u00f3n de la Provincia de Santa Fe.<\/p>\n<p>Brindamos excelencia acad\u00e9mica en un \u00e1mbito en el que prima la cordialidad, el respeto y el compromiso.<\/p>\n<p style=\"text-align: center;\"><a href=\"https:\/\/www.institutodeinglesrossello.com\/\">Visita su Webside<\/a><\/p>\n","protected":false},"excerpt":{"rendered":"<p>Instituto de Ingl\u00e9s con 50 a\u00f1os de experiencia. Nuestro plan de estudios, Auxiliar Biling\u00fce, est\u00e1 avalado por el Ministerio de Educaci\u00f3n de la Provincia de Santa Fe. Brindamos excelencia acad\u00e9mica en un \u00e1mbito en el que prima la cordialidad, el respeto y el compromiso. Visita su Webside<\/p>\n","protected":false},"author":1276,"featured_media":0,"parent":0,"menu_order":0,"comment_status":"closed","ping_status":"closed","template":"","meta":[],"acf":[],"_links":{"self":[{"href":"https:\/\/campus.misericordiarosario.edu.ar\/sitio\/wp-json\/wp\/v2\/pages\/892"}],"collection":[{"href":"https:\/\/campus.misericordiarosario.edu.ar\/sitio\/wp-json\/wp\/v2\/pages"}],"about":[{"href":"https:\/\/campus.misericordiarosario.edu.ar\/sitio\/wp-json\/wp\/v2\/types\/page"}],"author":[{"embeddable":true,"href":"https:\/\/campus.misericordiarosario.edu.ar\/sitio\/wp-json\/wp\/v2\/users\/1276"}],"replies":[{"embeddable":true,"href":"https:\/\/campus.misericordiarosario.edu.ar\/sitio\/wp-json\/wp\/v2\/comments?post=892"}],"version-history":[{"count":3,"href":"https:\/\/campus.misericordiarosario.edu.ar\/sitio\/wp-json\/wp\/v2\/pages\/892\/revisions"}],"predecessor-version":[{"id":1649,"href":"https:\/\/campus.misericordiarosario.edu.ar\/sitio\/wp-json\/wp\/v2\/pages\/892\/revisions\/1649"}],"wp:attachment":[{"href":"https:\/\/campus.misericordiarosario.edu.ar\/sitio\/wp-json\/wp\/v2\/media?parent=892"}],"curies":[{"name":"wp","href":"https:\/\/api.w.org\/{rel}","templated":true}]}}