{"id":888,"date":"2019-09-05T11:25:20","date_gmt":"2019-09-05T14:25:20","guid":{"rendered":"https:\/\/campus.misericordiarosario.edu.ar\/sitio\/misericordia-school-of-english-nivel-primario\/"},"modified":"2022-09-22T09:58:48","modified_gmt":"2022-09-22T12:58:48","slug":"misericordia-school-of-english-nivel-primario","status":"publish","type":"page","link":"https:\/\/campus.misericordiarosario.edu.ar\/sitio\/misericordia-school-of-english-nivel-primario\/","title":{"rendered":"Misericordia School of English &#8211; Nivel Primario"},"content":{"rendered":"<p><strong><img decoding=\"async\" loading=\"lazy\" class=\"wp-image-1399 alignleft\" src=\"https:\/\/campus.misericordiarosario.edu.ar\/sitio\/wp-content\/uploads\/2022\/09\/WhatsApp-Image-2022-09-22-at-09.50.50-1000x1000.jpeg\" alt=\"\" width=\"254\" height=\"254\" srcset=\"https:\/\/campus.misericordiarosario.edu.ar\/sitio\/wp-content\/uploads\/2022\/09\/WhatsApp-Image-2022-09-22-at-09.50.50-1000x1000.jpeg 1000w, https:\/\/campus.misericordiarosario.edu.ar\/sitio\/wp-content\/uploads\/2022\/09\/WhatsApp-Image-2022-09-22-at-09.50.50-500x500.jpeg 500w, https:\/\/campus.misericordiarosario.edu.ar\/sitio\/wp-content\/uploads\/2022\/09\/WhatsApp-Image-2022-09-22-at-09.50.50-768x768.jpeg 768w, https:\/\/campus.misericordiarosario.edu.ar\/sitio\/wp-content\/uploads\/2022\/09\/WhatsApp-Image-2022-09-22-at-09.50.50.jpeg 1251w\" sizes=\"(max-width: 254px) 100vw, 254px\" \/>MISERICORDIA SCHOOL OF ENGLISH<\/strong><\/p>\n<p style=\"text-align: justify;\">El Instituto tiene como finalidad que los alumnos adquieran y profundicen el estudio del idioma ingl\u00e9s, favoreciendo la adquisici\u00f3n de habilidades comunicativas y el desarrollo de las cuatro macro destrezas: reading, listening, speaking and writing, contextualizadas en el marco de la comprensi\u00f3n lectora y auditiva que ofrece el proyecto.<\/p>\n<p style=\"text-align: justify;\">Organizado por niveles: Ciclo Preparatorio: tres a\u00f1os (a partir de Sala de 5 hasta 2do.Grado) y Ciclo Elemental: cuatro a\u00f1os (desde 3er. Grado a 6to. Grado).<\/p>\n<p style=\"text-align: justify;\">Ofrece Ex\u00e1menes Internacionales al finalizar el Segundo y Cuarto Nivel del Ciclo Intermedio (optativos).<br \/>\nEl Cuarto Nivel es el \u00faltimo nivel que se cursa en M.S.E. Para su aprobaci\u00f3n los alumnos deben rendir un examen escrito y oral que acredite los saberes adquiridos a trav\u00e9s de los a\u00f1os. Es en este nivel donde se concreta la articulaci\u00f3n con el\u00a0<strong>\u201cInstituto de Idiomas Rossello \u00a0Misericordia\u201d<\/strong>, docentes de ambos institutos est\u00e1n presentes en la evaluaci\u00f3n final. Los alumnos que promueven dicha instancia, podr\u00e1n continuar el estudio del idioma en Rossello \u2013 Misericordia, abierto a la comunidad, y que otorga el t\u00edtulo de auxiliar \u2013 biling\u00fce.<\/p>\n","protected":false},"excerpt":{"rendered":"<p>MISERICORDIA SCHOOL OF ENGLISH El Instituto tiene como finalidad que los alumnos adquieran y profundicen el estudio del idioma ingl\u00e9s, favoreciendo la adquisici\u00f3n de habilidades comunicativas y el desarrollo de las cuatro macro destrezas: reading, listening, speaking and writing, contextualizadas en el marco de la comprensi\u00f3n lectora y auditiva que ofrece el proyecto. Organizado por &#8230; <a title=\"Misericordia School of English &#8211; Nivel Primario\" class=\"read-more\" href=\"https:\/\/campus.misericordiarosario.edu.ar\/sitio\/misericordia-school-of-english-nivel-primario\/\" aria-label=\"More on Misericordia School of English &#8211; Nivel Primario\">[+]<\/a><\/p>\n","protected":false},"author":1276,"featured_media":0,"parent":0,"menu_order":0,"comment_status":"closed","ping_status":"closed","template":"","meta":[],"acf":[],"_links":{"self":[{"href":"https:\/\/campus.misericordiarosario.edu.ar\/sitio\/wp-json\/wp\/v2\/pages\/888"}],"collection":[{"href":"https:\/\/campus.misericordiarosario.edu.ar\/sitio\/wp-json\/wp\/v2\/pages"}],"about":[{"href":"https:\/\/campus.misericordiarosario.edu.ar\/sitio\/wp-json\/wp\/v2\/types\/page"}],"author":[{"embeddable":true,"href":"https:\/\/campus.misericordiarosario.edu.ar\/sitio\/wp-json\/wp\/v2\/users\/1276"}],"replies":[{"embeddable":true,"href":"https:\/\/campus.misericordiarosario.edu.ar\/sitio\/wp-json\/wp\/v2\/comments?post=888"}],"version-history":[{"count":1,"href":"https:\/\/campus.misericordiarosario.edu.ar\/sitio\/wp-json\/wp\/v2\/pages\/888\/revisions"}],"predecessor-version":[{"id":1400,"href":"https:\/\/campus.misericordiarosario.edu.ar\/sitio\/wp-json\/wp\/v2\/pages\/888\/revisions\/1400"}],"wp:attachment":[{"href":"https:\/\/campus.misericordiarosario.edu.ar\/sitio\/wp-json\/wp\/v2\/media?parent=888"}],"curies":[{"name":"wp","href":"https:\/\/api.w.org\/{rel}","templated":true}]}}