{"id":884,"date":"2019-09-05T11:25:18","date_gmt":"2019-09-05T14:25:18","guid":{"rendered":"https:\/\/campus.misericordiarosario.edu.ar\/sitio\/nivel-inicial\/"},"modified":"2022-08-23T01:50:35","modified_gmt":"2022-08-23T04:50:35","slug":"nivel-inicial","status":"publish","type":"page","link":"https:\/\/campus.misericordiarosario.edu.ar\/sitio\/nivel-inicial\/","title":{"rendered":"NIVEL INICIAL"},"content":{"rendered":"<p><span class=\"titulo\">\u00a0<\/span><\/p>\n<p>El Nivel Inicial recibe a los ni\u00f1os en sus primeros a\u00f1os de vida, etapa de mayor ductilidad ya que est\u00e1n en contacto con todas sus potencialidades. Nuestro objetivo principal es iniciarlos, acompa\u00f1arlos; junto a las familias, en un desarrollo arm\u00f3nico: afectivo, cognitivo, psicomotriz y creativo. Nuestra propuesta did\u00e1ctica est\u00e1 basada en el juego, ya que por medio del mismo el ni\u00f1o realiza todos los aprendizajes y se prepara para el futuro, comprendiendo el mundo, relacion\u00e1ndose con otros, adquiriendo h\u00e1bitos y favoreciendo el desarrollo integral del lenguaje, aprendiendo a emplearlo en diferentes situaciones comunicativas.<\/p>\n<p><span class=\"textos\"><span class=\"textos\">Nuestra propuesta apunta a iniciarlos en:<\/span><\/span><\/p>\n<ul>\n<li>la construcci\u00f3n de la propia identidad.<\/li>\n<li>la autonom\u00eda personal.<\/li>\n<li>el respeto de normas de convivencia y b\u00fasqueda del bien com\u00fan.<\/li>\n<li>la adquisici\u00f3n de actitudes solidarias, responsables, fraternas, cooperativas.<\/li>\n<li>el descubrimiento del medio f\u00edsico y social.<\/li>\n<li>la b\u00fasqueda de la verdad, la indagaci\u00f3n y curiosidad por el conocimiento cient\u00edfico y tecnol\u00f3gico.<\/li>\n<li>la adquisici\u00f3n de h\u00e1bitos de orden, higiene y cordialidad.<\/li>\n<li>el desarrollo integral del lenguaje: verbal, gestual, pl\u00e1stico, musical como medios de comunicaci\u00f3n, de adquisici\u00f3n de conocimientos y expresi\u00f3n de sentimientos y vivencias.<img decoding=\"async\" loading=\"lazy\" class=\"wp-image-1282 aligncenter\" src=\"https:\/\/campus.misericordiarosario.edu.ar\/sitio\/wp-content\/uploads\/2022\/08\/JARDIN-PROY-EDUCATIVO.jpg\" alt=\"\" width=\"827\" height=\"858\" srcset=\"https:\/\/campus.misericordiarosario.edu.ar\/sitio\/wp-content\/uploads\/2022\/08\/JARDIN-PROY-EDUCATIVO.jpg 902w, https:\/\/campus.misericordiarosario.edu.ar\/sitio\/wp-content\/uploads\/2022\/08\/JARDIN-PROY-EDUCATIVO-768x797.jpg 768w\" sizes=\"(max-width: 827px) 100vw, 827px\" \/><\/li>\n<\/ul>\n\n\n<p><\/p>\n","protected":false},"excerpt":{"rendered":"<p>\u00a0 El Nivel Inicial recibe a los ni\u00f1os en sus primeros a\u00f1os de vida, etapa de mayor ductilidad ya que est\u00e1n en contacto con todas sus potencialidades. Nuestro objetivo principal es iniciarlos, acompa\u00f1arlos; junto a las familias, en un desarrollo arm\u00f3nico: afectivo, cognitivo, psicomotriz y creativo. Nuestra propuesta did\u00e1ctica est\u00e1 basada en el juego, ya &#8230; <a title=\"NIVEL INICIAL\" class=\"read-more\" href=\"https:\/\/campus.misericordiarosario.edu.ar\/sitio\/nivel-inicial\/\" aria-label=\"More on NIVEL INICIAL\">[+]<\/a><\/p>\n","protected":false},"author":1276,"featured_media":0,"parent":0,"menu_order":0,"comment_status":"closed","ping_status":"closed","template":"","meta":[],"acf":[],"_links":{"self":[{"href":"https:\/\/campus.misericordiarosario.edu.ar\/sitio\/wp-json\/wp\/v2\/pages\/884"}],"collection":[{"href":"https:\/\/campus.misericordiarosario.edu.ar\/sitio\/wp-json\/wp\/v2\/pages"}],"about":[{"href":"https:\/\/campus.misericordiarosario.edu.ar\/sitio\/wp-json\/wp\/v2\/types\/page"}],"author":[{"embeddable":true,"href":"https:\/\/campus.misericordiarosario.edu.ar\/sitio\/wp-json\/wp\/v2\/users\/1276"}],"replies":[{"embeddable":true,"href":"https:\/\/campus.misericordiarosario.edu.ar\/sitio\/wp-json\/wp\/v2\/comments?post=884"}],"version-history":[{"count":1,"href":"https:\/\/campus.misericordiarosario.edu.ar\/sitio\/wp-json\/wp\/v2\/pages\/884\/revisions"}],"predecessor-version":[{"id":1283,"href":"https:\/\/campus.misericordiarosario.edu.ar\/sitio\/wp-json\/wp\/v2\/pages\/884\/revisions\/1283"}],"wp:attachment":[{"href":"https:\/\/campus.misericordiarosario.edu.ar\/sitio\/wp-json\/wp\/v2\/media?parent=884"}],"curies":[{"name":"wp","href":"https:\/\/api.w.org\/{rel}","templated":true}]}}