{"id":870,"date":"2019-09-05T11:25:12","date_gmt":"2019-09-05T14:25:12","guid":{"rendered":"https:\/\/campus.misericordiarosario.edu.ar\/sitio\/nuestra-identidad\/"},"modified":"2023-05-18T18:55:00","modified_gmt":"2023-05-18T21:55:00","slug":"nuestra-identidad","status":"publish","type":"page","link":"https:\/\/campus.misericordiarosario.edu.ar\/sitio\/nuestra-identidad\/","title":{"rendered":"Nuestra Identidad"},"content":{"rendered":"<div class=\"texto\" style=\"color: #747474; font-size: medium; line-height: 22.4px; margin: 12px; text-align: justify; font-family: Georgia, 'Times New Roman', Times, serif; font-style: normal; font-variant-ligatures: normal; font-variant-caps: normal; font-weight: normal; letter-spacing: normal; orphans: 2; text-indent: 0px; text-transform: none; white-space: normal; widows: 2; word-spacing: 0px; -webkit-text-stroke-width: 0px; background-color: #ffffff;\">Con gran visi\u00f3n de futuro, en el a\u00f1o 1970, las hermanas de la Misericordia de Rosario impulsaron la creaci\u00f3n del Instituto de Idiomas Particular Incorporado 3013 \u201cSanta Mar\u00eda Josefa Rossello\u201d, para ofrecer a la comunidad el aprendizaje intensivo de una segunda lengua a partir del Curso de Capacitaci\u00f3n B\u00e1sica en Idioma Ingl\u00e9s.<\/p>\n<p>Los lineamientos de este curso fueron enriqueci\u00e9ndose en sus contenidos curriculares y en su metodolog\u00eda deriv\u00e1ndose as\u00ed en el plan de estudios de AUXILIAR BILING\u00dcE: ESPA\u00d1OL &#8211; INGL\u00c9S que otorga Certificados Oficiales de la Direcci\u00f3n Provincial de Ense\u00f1anza Privada (Dto 1029\/90).<\/p>\n<div class=\"texto\" style=\"color: #747474; font-size: medium; line-height: 22.4px; margin: 12px; text-align: justify; font-family: Georgia, 'Times New Roman', Times, serif; font-style: normal; font-variant-ligatures: normal; font-variant-caps: normal; font-weight: normal; letter-spacing: normal; orphans: 2; text-indent: 0px; text-transform: none; white-space: normal; widows: 2; word-spacing: 0px; -webkit-text-stroke-width: 0px; background-color: #ffffff;\"><\/div>\n<\/div>\n","protected":false},"excerpt":{"rendered":"<p>Con gran visi\u00f3n de futuro, en el a\u00f1o 1970, las hermanas de la Misericordia de Rosario impulsaron la creaci\u00f3n del Instituto de Idiomas Particular Incorporado 3013 \u201cSanta Mar\u00eda Josefa Rossello\u201d, para ofrecer a la comunidad el aprendizaje intensivo de una segunda lengua a partir del Curso de Capacitaci\u00f3n B\u00e1sica en Idioma Ingl\u00e9s. Los lineamientos de &#8230; <a title=\"Nuestra Identidad\" class=\"read-more\" href=\"https:\/\/campus.misericordiarosario.edu.ar\/sitio\/nuestra-identidad\/\" aria-label=\"More on Nuestra Identidad\">[+]<\/a><\/p>\n","protected":false},"author":1276,"featured_media":0,"parent":0,"menu_order":0,"comment_status":"closed","ping_status":"closed","template":"","meta":[],"acf":[],"_links":{"self":[{"href":"https:\/\/campus.misericordiarosario.edu.ar\/sitio\/wp-json\/wp\/v2\/pages\/870"}],"collection":[{"href":"https:\/\/campus.misericordiarosario.edu.ar\/sitio\/wp-json\/wp\/v2\/pages"}],"about":[{"href":"https:\/\/campus.misericordiarosario.edu.ar\/sitio\/wp-json\/wp\/v2\/types\/page"}],"author":[{"embeddable":true,"href":"https:\/\/campus.misericordiarosario.edu.ar\/sitio\/wp-json\/wp\/v2\/users\/1276"}],"replies":[{"embeddable":true,"href":"https:\/\/campus.misericordiarosario.edu.ar\/sitio\/wp-json\/wp\/v2\/comments?post=870"}],"version-history":[{"count":2,"href":"https:\/\/campus.misericordiarosario.edu.ar\/sitio\/wp-json\/wp\/v2\/pages\/870\/revisions"}],"predecessor-version":[{"id":1567,"href":"https:\/\/campus.misericordiarosario.edu.ar\/sitio\/wp-json\/wp\/v2\/pages\/870\/revisions\/1567"}],"wp:attachment":[{"href":"https:\/\/campus.misericordiarosario.edu.ar\/sitio\/wp-json\/wp\/v2\/media?parent=870"}],"curies":[{"name":"wp","href":"https:\/\/api.w.org\/{rel}","templated":true}]}}