{"id":857,"date":"2019-09-05T11:25:05","date_gmt":"2019-09-05T14:25:05","guid":{"rendered":"https:\/\/campus.misericordiarosario.edu.ar\/sitio\/talleres-nivel-primario\/"},"modified":"2022-10-03T18:57:23","modified_gmt":"2022-10-03T21:57:23","slug":"talleres-nivel-primario","status":"publish","type":"page","link":"https:\/\/campus.misericordiarosario.edu.ar\/sitio\/talleres-nivel-primario\/","title":{"rendered":"Talleres Nivel Primario y Nivel Inicial"},"content":{"rendered":"<div style=\"width: 96%;\">\n<div class=\"destacado\">\n<div class=\"cntTitulo\">\n<div class=\"cntTxtTitulo\" style=\"text-align: left;\">\u00a0<\/div>\n<table width=\"102%\">\n<tbody>\n<tr>\n<td width=\"100%\"><strong>Talleres deportivos<\/strong>El colegio ofrece a los ni\u00f1os diversos talleres, entre los que se encuentran\u00a0<strong>f\u00fatbol, hockey y taekwondo<\/strong>. Son sus objetivos principales: desarrollar el esp\u00edritu de equipo y educar en el respeto a las normas. Favorecen adem\u00e1s, la autonom\u00eda y disponibilidad, la colaboraci\u00f3n y la solidaridad entre compa\u00f1eros.\n<p>\u00a0<\/p>\n<p>Se organizan torneos intercolegiales y encuentros con otras instituciones.<\/p>\n<p><img decoding=\"async\" loading=\"lazy\" class=\"alignnone  wp-image-1367\" src=\"https:\/\/campus.misericordiarosario.edu.ar\/sitio\/wp-content\/uploads\/2022\/09\/IMG-20220914-WA0099-1000x750.jpg\" alt=\"\" width=\"468\" height=\"351\" srcset=\"https:\/\/campus.misericordiarosario.edu.ar\/sitio\/wp-content\/uploads\/2022\/09\/IMG-20220914-WA0099-1000x750.jpg 1000w, https:\/\/campus.misericordiarosario.edu.ar\/sitio\/wp-content\/uploads\/2022\/09\/IMG-20220914-WA0099-768x576.jpg 768w, https:\/\/campus.misericordiarosario.edu.ar\/sitio\/wp-content\/uploads\/2022\/09\/IMG-20220914-WA0099-1536x1153.jpg 1536w, https:\/\/campus.misericordiarosario.edu.ar\/sitio\/wp-content\/uploads\/2022\/09\/IMG-20220914-WA0099.jpg 1599w\" sizes=\"(max-width: 468px) 100vw, 468px\" \/> <img decoding=\"async\" loading=\"lazy\" class=\"alignnone  wp-image-1368\" src=\"https:\/\/campus.misericordiarosario.edu.ar\/sitio\/wp-content\/uploads\/2022\/09\/IMG-20220914-WA0101-1000x750.jpg\" alt=\"\" width=\"469\" height=\"352\" srcset=\"https:\/\/campus.misericordiarosario.edu.ar\/sitio\/wp-content\/uploads\/2022\/09\/IMG-20220914-WA0101-1000x750.jpg 1000w, https:\/\/campus.misericordiarosario.edu.ar\/sitio\/wp-content\/uploads\/2022\/09\/IMG-20220914-WA0101-768x576.jpg 768w, https:\/\/campus.misericordiarosario.edu.ar\/sitio\/wp-content\/uploads\/2022\/09\/IMG-20220914-WA0101-1536x1153.jpg 1536w, https:\/\/campus.misericordiarosario.edu.ar\/sitio\/wp-content\/uploads\/2022\/09\/IMG-20220914-WA0101.jpg 1599w\" sizes=\"(max-width: 469px) 100vw, 469px\" \/><\/p>\n<p><strong style=\"font-family: inherit; font-size: inherit;\">Taller de arte y expresi\u00f3n<\/strong><\/p>\n<p>Intenta potenciar la capacidad inventiva y creativa, la estructuraci\u00f3n de la inteligencia y la capacidad cr\u00edtica y el desarrollo del conocimiento propio. Para desarrollar estas actividades, los ni\u00f1os cuentan con un espacio f\u00edsico espec\u00edficamente equipado que propicia la creaci\u00f3n de actividades y trabajos art\u00edsticos.<\/p>\n<p><img decoding=\"async\" loading=\"lazy\" class=\"alignnone  wp-image-1366\" src=\"https:\/\/campus.misericordiarosario.edu.ar\/sitio\/wp-content\/uploads\/2022\/09\/IMG-20220914-WA0100-750x1000.jpg\" alt=\"\" width=\"454\" height=\"605\" srcset=\"https:\/\/campus.misericordiarosario.edu.ar\/sitio\/wp-content\/uploads\/2022\/09\/IMG-20220914-WA0100-750x1000.jpg 750w, https:\/\/campus.misericordiarosario.edu.ar\/sitio\/wp-content\/uploads\/2022\/09\/IMG-20220914-WA0100-768x1024.jpg 768w, https:\/\/campus.misericordiarosario.edu.ar\/sitio\/wp-content\/uploads\/2022\/09\/IMG-20220914-WA0100-1152x1536.jpg 1152w, https:\/\/campus.misericordiarosario.edu.ar\/sitio\/wp-content\/uploads\/2022\/09\/IMG-20220914-WA0100.jpg 1200w\" sizes=\"(max-width: 454px) 100vw, 454px\" \/> <img decoding=\"async\" loading=\"lazy\" class=\"alignnone  wp-image-1364\" src=\"https:\/\/campus.misericordiarosario.edu.ar\/sitio\/wp-content\/uploads\/2022\/09\/IMG-20220914-WA0091-750x1000.jpg\" alt=\"\" width=\"454\" height=\"606\" srcset=\"https:\/\/campus.misericordiarosario.edu.ar\/sitio\/wp-content\/uploads\/2022\/09\/IMG-20220914-WA0091-750x1000.jpg 750w, https:\/\/campus.misericordiarosario.edu.ar\/sitio\/wp-content\/uploads\/2022\/09\/IMG-20220914-WA0091-768x1024.jpg 768w, https:\/\/campus.misericordiarosario.edu.ar\/sitio\/wp-content\/uploads\/2022\/09\/IMG-20220914-WA0091-1152x1536.jpg 1152w, https:\/\/campus.misericordiarosario.edu.ar\/sitio\/wp-content\/uploads\/2022\/09\/IMG-20220914-WA0091.jpg 1200w\" sizes=\"(max-width: 454px) 100vw, 454px\" \/><\/p>\n<p><img decoding=\"async\" loading=\"lazy\" class=\"wp-image-1482 aligncenter\" src=\"https:\/\/campus.misericordiarosario.edu.ar\/sitio\/wp-content\/uploads\/2022\/10\/arte8-750x1000.jpg\" alt=\"\" width=\"425\" height=\"567\" srcset=\"https:\/\/campus.misericordiarosario.edu.ar\/sitio\/wp-content\/uploads\/2022\/10\/arte8-750x1000.jpg 750w, https:\/\/campus.misericordiarosario.edu.ar\/sitio\/wp-content\/uploads\/2022\/10\/arte8.jpg 768w\" sizes=\"(max-width: 425px) 100vw, 425px\" \/><img decoding=\"async\" loading=\"lazy\" class=\"wp-image-1486 aligncenter\" src=\"https:\/\/campus.misericordiarosario.edu.ar\/sitio\/wp-content\/uploads\/2022\/10\/arte-1000x563.jpg\" alt=\"\" width=\"563\" height=\"317\" srcset=\"https:\/\/campus.misericordiarosario.edu.ar\/sitio\/wp-content\/uploads\/2022\/10\/arte-1000x563.jpg 1000w, https:\/\/campus.misericordiarosario.edu.ar\/sitio\/wp-content\/uploads\/2022\/10\/arte-1900x1069.jpg 1900w, https:\/\/campus.misericordiarosario.edu.ar\/sitio\/wp-content\/uploads\/2022\/10\/arte-768x432.jpg 768w, https:\/\/campus.misericordiarosario.edu.ar\/sitio\/wp-content\/uploads\/2022\/10\/arte-1536x864.jpg 1536w, https:\/\/campus.misericordiarosario.edu.ar\/sitio\/wp-content\/uploads\/2022\/10\/arte-2048x1152.jpg 2048w\" sizes=\"(max-width: 563px) 100vw, 563px\" \/> <img decoding=\"async\" loading=\"lazy\" class=\"wp-image-1483 aligncenter\" src=\"https:\/\/campus.misericordiarosario.edu.ar\/sitio\/wp-content\/uploads\/2022\/10\/arte-3-1000x750.jpg\" alt=\"\" width=\"571\" height=\"428\" srcset=\"https:\/\/campus.misericordiarosario.edu.ar\/sitio\/wp-content\/uploads\/2022\/10\/arte-3-1000x750.jpg 1000w, https:\/\/campus.misericordiarosario.edu.ar\/sitio\/wp-content\/uploads\/2022\/10\/arte-3-768x576.jpg 768w, https:\/\/campus.misericordiarosario.edu.ar\/sitio\/wp-content\/uploads\/2022\/10\/arte-3.jpg 1024w\" sizes=\"(max-width: 571px) 100vw, 571px\" \/><\/p>\n<p><strong>Talleres de m\u00fasica: Coro y Guitarra.<\/strong><br \/>Cantando en grupo incorporamos inconscientemente\u00a0 valores como el amor a la armon\u00eda, al orden y a la disciplina, tanto personal como colectiva, ya que para cantar todos juntos\u00a0 debemos de ir\u00a0 al mismo ritmo, seguir las pautas\u00a0 del director ,afinar bien y escuchar al de al lado. Tocar un instrumento convierte a quien lo hace en una persona met\u00f3dica que cuida los detalles (de lo contrario, no suena bien), planifica bien las tareas y tiene mucha capacidad de atenci\u00f3n. La m\u00fasica es un medio de expresi\u00f3n, y una consecuencia de ello es una buena autoestima. Ense\u00f1a a los ni\u00f1os a vencer el miedo y asumir riesgos, aporta seguridad y autoconfianza.<\/p>\n<p><img decoding=\"async\" loading=\"lazy\" class=\"wp-image-1390 aligncenter\" src=\"https:\/\/campus.misericordiarosario.edu.ar\/sitio\/wp-content\/uploads\/2022\/09\/WhatsApp-Image-2022-09-21-at-16.30.52-1000x641.jpeg\" alt=\"\" width=\"651\" height=\"417\" srcset=\"https:\/\/campus.misericordiarosario.edu.ar\/sitio\/wp-content\/uploads\/2022\/09\/WhatsApp-Image-2022-09-21-at-16.30.52-1000x641.jpeg 1000w, https:\/\/campus.misericordiarosario.edu.ar\/sitio\/wp-content\/uploads\/2022\/09\/WhatsApp-Image-2022-09-21-at-16.30.52-768x492.jpeg 768w, https:\/\/campus.misericordiarosario.edu.ar\/sitio\/wp-content\/uploads\/2022\/09\/WhatsApp-Image-2022-09-21-at-16.30.52.jpeg 1280w\" sizes=\"(max-width: 651px) 100vw, 651px\" \/><\/p>\n<\/td>\n<\/tr>\n<tr>\n<td width=\"100%\"><strong>\u00a0<\/strong><strong>Entre letras y n\u00fameros<\/strong>\n<p>\u00a0<\/p>\n<p>Los alumnos\/as, la palabra, los cuentos, las poes\u00edas\u2026 las letras, los n\u00fameros y el juego junto al aprendizaje y el disfrute son los principales protagonistas en este taller.<\/p>\n<p>Entre rimas, adivinanzas, historias, t\u00edteres, personajes reales y fant\u00e1sticos se construyen diversos escenarios l\u00fadicos que dan rienda suelta a la imaginaci\u00f3n, la fantas\u00eda y la creatividad en un clima cooperativo, alegre, de emoci\u00f3n y enriquecimiento constante donde las propuestas docentes favorecen el desarrollo de las habilidades ling\u00fc\u00edsticas, el gusto por la lectura, el pensamiento matem\u00e1tico y el conocimiento de diversas obras literarias.<\/p>\n<p>En el taller, las actividades propuestas son siempre l\u00fadicas pero con una intencionalidad pedag\u00f3gica que es\u00a0 transmitir y ense\u00f1ar valores,\u00a0 resolver problemas, comprender textos<\/p>\n<\/td>\n<\/tr>\n<\/tbody>\n<\/table>\n<\/div>\n<div class=\"boxHome\">\u00a0<\/div>\n<\/div>\n<\/div>\n\n\n<p><\/p>\n","protected":false},"excerpt":{"rendered":"<p>\u00a0 Talleres deportivosEl colegio ofrece a los ni\u00f1os diversos talleres, entre los que se encuentran\u00a0f\u00fatbol, hockey y taekwondo. Son sus objetivos principales: desarrollar el esp\u00edritu de equipo y educar en el respeto a las normas. Favorecen adem\u00e1s, la autonom\u00eda y disponibilidad, la colaboraci\u00f3n y la solidaridad entre compa\u00f1eros. \u00a0 Se organizan torneos intercolegiales y encuentros &#8230; <a title=\"Talleres Nivel Primario y Nivel Inicial\" class=\"read-more\" href=\"https:\/\/campus.misericordiarosario.edu.ar\/sitio\/talleres-nivel-primario\/\" aria-label=\"More on Talleres Nivel Primario y Nivel Inicial\">[+]<\/a><\/p>\n","protected":false},"author":1276,"featured_media":0,"parent":0,"menu_order":0,"comment_status":"closed","ping_status":"closed","template":"","meta":[],"acf":[],"_links":{"self":[{"href":"https:\/\/campus.misericordiarosario.edu.ar\/sitio\/wp-json\/wp\/v2\/pages\/857"}],"collection":[{"href":"https:\/\/campus.misericordiarosario.edu.ar\/sitio\/wp-json\/wp\/v2\/pages"}],"about":[{"href":"https:\/\/campus.misericordiarosario.edu.ar\/sitio\/wp-json\/wp\/v2\/types\/page"}],"author":[{"embeddable":true,"href":"https:\/\/campus.misericordiarosario.edu.ar\/sitio\/wp-json\/wp\/v2\/users\/1276"}],"replies":[{"embeddable":true,"href":"https:\/\/campus.misericordiarosario.edu.ar\/sitio\/wp-json\/wp\/v2\/comments?post=857"}],"version-history":[{"count":23,"href":"https:\/\/campus.misericordiarosario.edu.ar\/sitio\/wp-json\/wp\/v2\/pages\/857\/revisions"}],"predecessor-version":[{"id":1488,"href":"https:\/\/campus.misericordiarosario.edu.ar\/sitio\/wp-json\/wp\/v2\/pages\/857\/revisions\/1488"}],"wp:attachment":[{"href":"https:\/\/campus.misericordiarosario.edu.ar\/sitio\/wp-json\/wp\/v2\/media?parent=857"}],"curies":[{"name":"wp","href":"https:\/\/api.w.org\/{rel}","templated":true}]}}