{"id":855,"date":"2019-09-05T11:25:04","date_gmt":"2019-09-05T14:25:04","guid":{"rendered":"https:\/\/campus.misericordiarosario.edu.ar\/sitio\/proyecto-institucional-nivel-secundario\/"},"modified":"2023-06-16T11:30:37","modified_gmt":"2023-06-16T14:30:37","slug":"proyecto-institucional-nivel-secundario","status":"publish","type":"page","link":"https:\/\/campus.misericordiarosario.edu.ar\/sitio\/proyecto-institucional-nivel-secundario\/","title":{"rendered":"Proyecto institucional Nivel Secundario"},"content":{"rendered":"\n<p><strong><em>&nbsp;\u201cEL CORAZ\u00d3N A DIOS Y LAS MANOS AL TRABAJO\u201d, es el lema distintivo de la misi\u00f3n de las Hijas de la Misericordia en la Iglesia y en el mundo.<\/em><\/strong><\/p>\n\n\n\n<p><strong><em>Este lema de la Madre Rossello aporta un fuerte fundamento carism\u00e1tico al colegio que, como unidad educativa perteneciente a la Congregaci\u00f3n, asume en\u00a0la Iglesia de Rosario el compromiso de educar a la persona en los valores de la Cultura y el Evangelio de acuerdo con los lineamientos de la Pastoral Educativa Rossellana.<\/em><\/strong><\/p>\n\n\n\n<p><strong>1. Formaci\u00f3n Cristiana<\/strong><br>Ilumina desde la Palabra el valor de la Dignidad\u00a0 de la Persona y confronta\u00a0 los paradigmas de la cultura.<\/p>\n\n\n\n<p><strong>2. Asesor\u00eda Pedag\u00f3gica.<\/strong><br>A cargo de profesional especializado. Orienta con el Equipo Directivo la acci\u00f3n acad\u00e9mica&nbsp; y pedag\u00f3gica del proyecto curricular institucional. Propone nuevos espacios y proyectos pedag\u00f3gicos innovadores para la construcci\u00f3n de aprendizajes&nbsp; que conlleven un pensamiento reflexivo y creativo.<\/p>\n\n\n\n<p><strong>3. Gabinete Psicopedag\u00f3gico<\/strong><br>A cargo de personal especializado.<br>Asesora sobre las caracter\u00edsticas y conductas propias del adolescente, sobre las problem\u00e1ticas del aprendizaje en orden a las operatorias del pensamiento, e ilumina el abordaje de dificultades puntuales.<br>Conduce el proceso de orientaci\u00f3n vocacional y profesional de los alumnos en forma personalizada.<br>Atiende las consultas de los padres y especialistas externos.<\/p>\n\n\n\n<p><strong>4. Tutor\u00edas<\/strong><br>A cargo de profesionales docentes de cada a\u00f1o, detecta\u00a0 la problem\u00e1tica particular de aprendizaje de los alumnos y su inserci\u00f3n grupal, y organiza proyectos pedag\u00f3gicos superadores.<br>Mantiene en forma sistem\u00e1tica y actualizada la informaci\u00f3n a directivos, docentes y padres.\u00a0<\/p>\n\n\n\n<p><strong>5. Sala de Inform\u00e1tica<\/strong><br>Sistematiza el aprendizaje de las tecnolog\u00edas de la informaci\u00f3n y la comunicaci\u00f3n. Desarrollan contenidos transversales que la tecnolog\u00eda propone y facilita al aprendizaje.<\/p>\n\n\n\n<p><strong>PARTICIPACI\u00d3N EN EL PROYECTO \u00abDIGITAL JUNIOR\u00bb DE LA UTN REGIONAL BUENOS AIRES,<\/strong><\/p>\n\n\n\n<p>Certificaci\u00f3n de conocimientos inform\u00e1ticos para alumnos de Nivel Primario y Secundario que deseen acceder al mismo. Capacitaci\u00f3n optativa en Word avanzado y Excel Avanzado. T\u00edtulo de validez nacional e internacional.<\/p>\n\n\n\n<p><\/p>\n\n\n\n<figure class=\"wp-block-image size-full is-resized\"><img decoding=\"async\" loading=\"lazy\" src=\"https:\/\/campus.misericordiarosario.edu.ar\/sitio\/wp-content\/uploads\/2023\/06\/CERTIFICADO-UTN-MODELO-PARA-WEB.jpg\" alt=\"\" class=\"wp-image-1604\" width=\"391\" height=\"270\"\/><\/figure>\n\n\n\n<p><strong>6. ESI<\/strong><br>La educaci\u00f3n Sexual Integral, es prioridad, con un desarrollo transversal e interdisciplinario a lo largo de todo el nivel secundario. La educaci\u00f3n integral incluye la afectividad, las habilidades sociales, la prevenci\u00f3n en adicciones de diferente naturaleza, v\u00ednculos violentos, sexting, grooming, bullying. El proyecto de vida, el cuidado de la vida, la interioridad y la espiritualidad.<\/p>\n\n\n\n<p>TALLERES TEM\u00c1TICOS<\/p>\n\n\n\n<p>Talleres propuestos por a\u00f1os y tem\u00e1ticas espec\u00edficas, generalmente desarrollados en Rold\u00e1n, son una propuesta para la educaci\u00f3n de nuestros adolescentes, de actualidad y necesidad de abordaje.<\/p>\n\n\n\n<ul>\n<li>1\u00baa\u00f1o:&nbsp; Bullying<\/li>\n\n\n\n<li>2\u00baa\u00f1o: Redes Sociales, sexting, grooming<\/li>\n\n\n\n<li>3\u00baa\u00f1o: Prevenci\u00f3n en adicciones y alcoholismo<\/li>\n\n\n\n<li>4\u00baa\u00f1o: V\u00ednculos violentos.<\/li>\n\n\n\n<li>5\u00baa\u00f1o: Proyecto de Vida &#8211; Testimonios<\/li>\n<\/ul>\n\n\n\n<p><\/p>\n\n\n\n<p><br><strong>7. Turismo Educativo<\/strong><br><br><img decoding=\"async\" style=\"width: 300px;\" src=\"https:\/\/lh6.googleusercontent.com\/GT3NHhcXQt53TzODWbAonPZMyPzMT7s9t3uMR6EXve8SDUu1oc18YtSHxTkDbsiM8kMfjemJkMpSPIWpRYz8MS-eJKwpnCw_pyxQWrgKVt2J4M5vtdmQIw2hrZg470TqnmLWTIyjtDFVyWQ\"><\/p>\n\n\n\n<p>4to. a\u00f1o viaje anualmente a Calamuchita. Es un viaje coordinado por profesores de la instituci\u00f3n, que promueve una convivencia sostenida por la espiritualidad, en contacto con la naturaleza, con din\u00e1micas l\u00fadicas y reflexivas<\/p>\n\n\n\n<p><strong>8. Laboratorios y Talleres de Ciencias<\/strong><br>Aplica y sistematiza la metodolog\u00eda de trabajo que favorece la adquisici\u00f3n del conocimiento cient\u00edfico.<\/p>\n\n\n\n<p><br><strong>9. Casa de encuentros y Campo de Deportes<\/strong><br>En Rold\u00e1n, para encuentros, convivencias y\u00a0 jornadas deportivas.<\/p>\n\n\n\n<figure class=\"wp-block-image size-full is-resized\"><img decoding=\"async\" loading=\"lazy\" src=\"https:\/\/campus.misericordiarosario.edu.ar\/sitio\/wp-content\/uploads\/2023\/06\/ROLDAN-1.jpg\" alt=\"\" class=\"wp-image-1613\" width=\"1026\" height=\"467\" srcset=\"https:\/\/campus.misericordiarosario.edu.ar\/sitio\/wp-content\/uploads\/2023\/06\/ROLDAN-1.jpg 785w, https:\/\/campus.misericordiarosario.edu.ar\/sitio\/wp-content\/uploads\/2023\/06\/ROLDAN-1-768x349.jpg 768w\" sizes=\"(max-width: 1026px) 100vw, 1026px\" \/><\/figure>\n\n\n\n<figure class=\"wp-block-image size-full\"><img decoding=\"async\" loading=\"lazy\" width=\"1142\" height=\"204\" src=\"https:\/\/campus.misericordiarosario.edu.ar\/sitio\/wp-content\/uploads\/2023\/06\/ROLDAN-DEPORTES.png\" alt=\"\" class=\"wp-image-1616\" srcset=\"https:\/\/campus.misericordiarosario.edu.ar\/sitio\/wp-content\/uploads\/2023\/06\/ROLDAN-DEPORTES.png 1142w, https:\/\/campus.misericordiarosario.edu.ar\/sitio\/wp-content\/uploads\/2023\/06\/ROLDAN-DEPORTES-1000x179.png 1000w, https:\/\/campus.misericordiarosario.edu.ar\/sitio\/wp-content\/uploads\/2023\/06\/ROLDAN-DEPORTES-768x137.png 768w\" sizes=\"(max-width: 1142px) 100vw, 1142px\" \/><\/figure>\n\n\n\n<p><strong>10. Proyectos Pedag\u00f3gicos<\/strong><\/p>\n\n\n\n<ul>\n<li>ARTICULACI\u00d3N CON NIVEL PRIMARIO Y SECUNDARIO. \u201cSecundario por un d\u00eda\u201d<\/li>\n<\/ul>\n\n\n\n<p>La propuesta genera un espacio de acercamiento al nivel secundario, a los alumnos de 7mo, vivenciado jornadas acad\u00e9micas junto al 1er a\u00f1o.&nbsp;<\/p>\n\n\n\n<ul>\n<li>ARTICULACI\u00d3N DE INGRESO A LA UNIVERSIDAD<\/li>\n<\/ul>\n\n\n\n<p>Asegurar el nivel acad\u00e9mico exigido para el ingreso a la Universidad atendiendo a la articulaci\u00f3n con la misma.<\/p>\n\n\n\n<ul>\n<li>PASANTIAS&nbsp;<\/li>\n<\/ul>\n\n\n\n<p>Propone espacio concreto hacia el mundo del trabajo a los alumnos de 5to a\u00f1o.<\/p>\n\n\n\n<ul>\n<li>PROYECTOS INTERDISCIPLINARIOS ESI&nbsp;<\/li>\n<\/ul>\n\n\n\n<p>Son proyectos pedag\u00f3gicos transversales e interdisciplinarios en todos los niveles. Ej: \u201cCon las manos en la masa\u201d (Ingl\u00e9s, Biolog\u00eda, Laboratorio de Cs. Naturales y Catequesis)<\/p>\n\n\n\n<ul>\n<li>PROYECTO CHARLAS TEDex<\/li>\n<\/ul>\n\n\n\n<p><strong>\u201cLa mente que se abre a una nueva idea, jam\u00e1s vuelve a su estado original\u201d Albert Einstein<\/strong><br><img decoding=\"async\" src=\"https:\/\/lh6.googleusercontent.com\/OAbiHICAr7e8tvvrVWWPwF6zB58EYfn8M1nzCy_RsS040dIr5A21vInNszyowlZRaXTNgri0HEGPlroLMeQJAUxGIjYVVJmT9OvvJPKkjXLTmGXmntLlSgChDhdKEogOFYcYrHmRHAz1P0E\" style=\"width: 200px;\"><\/p>\n\n\n\n<p><strong>E<\/strong>sta gran aventura que brinda Clubes TED Ed, es una propuesta educativa e innovadora, a su vez, un recorrido novedoso, desafiante y diferente para nuestros estudiantes. Los estudiantes junto a sus ideas son los verdaderos protagonistas de este fascinante proyecto. Lo valioso de este largo camino recorrido es el proceso que docentes atraviesan junto a los estudiantes durante los meses de trabajo en cada uno de los encuentros.&nbsp;Desde su rol de estudiantes y su perspectiva como adolescentes tienen la posibilidad de comunicar, al estilo TED, sus propias IDEAS Y PENSAMIENTOS, que les apasionan o les interesan.&nbsp;<\/p>\n\n\n\n<ul>\n<li>REVALORIZACI\u00d3N LOS ACTOS PATRIOS<\/li>\n<\/ul>\n\n\n\n<p>Parte importante de la Educaci\u00f3n integral es la profundizaci\u00f3n del respeto por los s\u00edmbolos patrios y los actos para revalorizar la nuestra historia y fortalecer la nacionalidad, el respeto y la responsabilidad ciudadana.<\/p>\n\n\n\n<p><strong>11. Microemprendimientos<\/strong><br>Se desarrollan como proyectos curriculares de la c\u00e1tedra y&nbsp; propuestas de los alumnos como sistema de&nbsp; organizaci\u00f3n, producci\u00f3n y comercializaci\u00f3n de bienes.<\/p>\n\n\n\n<p>El anuario escolar \u201cAlas\u201d refleja la vida institucional, se organiza a partir del material aportado por los distintos niveles de la instituci\u00f3n.<\/p>\n\n\n\n<p><strong>12. Revista Escolar\u00a0<\/strong><br><img decoding=\"async\" loading=\"lazy\" width=\"127\" height=\"160\" src=\"https:\/\/lh3.googleusercontent.com\/yarI4FmwfEmu-b0LhzJreOZ3V5_wJUnfB43IKP8cEpxMNtAqzYvNp9vbBP9UcDnQgtmzg8FpTaYpiY6IPpmzuQ5Tuxz3UX4x8H6o51NQCEjlXnFskwmJMmECxZpJpLK1LSd16GdEh0PciMA\" alt=\"http:\/\/www.misericordiarosario.edu.ar\/misericordia\/uploads\/images\/revista_escolar.jpg\"><\/p>\n\n\n\n<p>El anuario escolar \u201cAlas\u201d refleja la vida institucional, se organiza a partir del material aportado por los distintos niveles de la instituci\u00f3n.<\/p>\n\n\n\n<p><\/p>\n\n\n\n<p><strong>13. Biblioteca \/s<\/strong><br><img decoding=\"async\" style=\"width: 300px;\" src=\"https:\/\/lh4.googleusercontent.com\/jnTnYBv0D2psXu9CynnDV-3vCa41IOUapmci29DbXbpH2TtQRvuKMjsTS_FI7gtlHycSLE2HnU8o_XfG1ZK9vj3YJWT77RZJ9YqOzqZqMeVumon7TWD44xLLcP9wJO1lwCpqhqKyzGYNGTA\" alt=\"http:\/\/www.misericordiarosario.edu.ar\/misericordia\/uploads\/images\/biblioteca.jpg\"><\/p>\n\n\n\n<p>Permite el acceso individual y\/o grupal a una nutrida bibliograf\u00eda general y especializada, espacio l\u00fadico y de encuentro.<\/p>\n","protected":false},"excerpt":{"rendered":"<p>&nbsp;\u201cEL CORAZ\u00d3N A DIOS Y LAS MANOS AL TRABAJO\u201d, es el lema distintivo de la misi\u00f3n de las Hijas de la Misericordia en la Iglesia y en el mundo. Este lema de la Madre Rossello aporta un fuerte fundamento carism\u00e1tico al colegio que, como unidad educativa perteneciente a la Congregaci\u00f3n, asume en\u00a0la Iglesia de Rosario &#8230; <a title=\"Proyecto institucional Nivel Secundario\" class=\"read-more\" href=\"https:\/\/campus.misericordiarosario.edu.ar\/sitio\/proyecto-institucional-nivel-secundario\/\" aria-label=\"More on Proyecto institucional Nivel Secundario\">[+]<\/a><\/p>\n","protected":false},"author":1276,"featured_media":0,"parent":0,"menu_order":0,"comment_status":"closed","ping_status":"closed","template":"","meta":[],"acf":[],"_links":{"self":[{"href":"https:\/\/campus.misericordiarosario.edu.ar\/sitio\/wp-json\/wp\/v2\/pages\/855"}],"collection":[{"href":"https:\/\/campus.misericordiarosario.edu.ar\/sitio\/wp-json\/wp\/v2\/pages"}],"about":[{"href":"https:\/\/campus.misericordiarosario.edu.ar\/sitio\/wp-json\/wp\/v2\/types\/page"}],"author":[{"embeddable":true,"href":"https:\/\/campus.misericordiarosario.edu.ar\/sitio\/wp-json\/wp\/v2\/users\/1276"}],"replies":[{"embeddable":true,"href":"https:\/\/campus.misericordiarosario.edu.ar\/sitio\/wp-json\/wp\/v2\/comments?post=855"}],"version-history":[{"count":31,"href":"https:\/\/campus.misericordiarosario.edu.ar\/sitio\/wp-json\/wp\/v2\/pages\/855\/revisions"}],"predecessor-version":[{"id":1622,"href":"https:\/\/campus.misericordiarosario.edu.ar\/sitio\/wp-json\/wp\/v2\/pages\/855\/revisions\/1622"}],"wp:attachment":[{"href":"https:\/\/campus.misericordiarosario.edu.ar\/sitio\/wp-json\/wp\/v2\/media?parent=855"}],"curies":[{"name":"wp","href":"https:\/\/api.w.org\/{rel}","templated":true}]}}