{"id":1412,"date":"2022-09-24T14:35:29","date_gmt":"2022-09-24T17:35:29","guid":{"rendered":"https:\/\/campus.misericordiarosario.edu.ar\/sitio\/?page_id=1412"},"modified":"2022-09-24T15:08:20","modified_gmt":"2022-09-24T18:08:20","slug":"convenio-de-certificacion-con-utn-buenos-aires","status":"publish","type":"page","link":"https:\/\/campus.misericordiarosario.edu.ar\/sitio\/convenio-de-certificacion-con-utn-buenos-aires\/","title":{"rendered":"Convenio de Certificaci\u00f3n con UTN Buenos Aires"},"content":{"rendered":"\n<figure class=\"wp-block-image size-large is-resized\"><img decoding=\"async\" loading=\"lazy\" src=\"https:\/\/campus.misericordiarosario.edu.ar\/sitio\/wp-content\/uploads\/2022\/09\/Logo-digial-junior.jpg\" alt=\"\" class=\"wp-image-1421\" width=\"1020\" height=\"102\" srcset=\"https:\/\/campus.misericordiarosario.edu.ar\/sitio\/wp-content\/uploads\/2022\/09\/Logo-digial-junior.jpg 1536w, https:\/\/campus.misericordiarosario.edu.ar\/sitio\/wp-content\/uploads\/2022\/09\/Logo-digial-junior-1000x100.jpg 1000w, https:\/\/campus.misericordiarosario.edu.ar\/sitio\/wp-content\/uploads\/2022\/09\/Logo-digial-junior-768x77.jpg 768w\" sizes=\"(max-width: 1020px) 100vw, 1020px\" \/><\/figure>\n\n\n\n<p>Desde el 2008 firmamos anualmente el convenio de Certificaci\u00f3n de Conocimientos Inform\u00e1ticos con la Secci\u00f3n Digital Junior de la Universidad Tecn\u00f3log\u00edca Nacional Regional Buenos Aires.<\/p>\n\n\n\n<p>\u00abCompetencias Digitales para el siglo XXI\u00bb Digital Junior es un programa de integraci\u00f3n de Competencias de Educaci\u00f3n Digital desarrollado por la Universidad Tecnol\u00f3gica Nacional.<\/p>\n\n\n\n<p>La firma de este convenio permite a nuestros alumnos obtener certificaci\u00f3n de los conocimientos inform\u00e1ticos que se dictan en las clases de Computaci\u00f3n dentro de nuestra instituci\u00f3n de manera sistem\u00e1tica y durante la jornada escolar.<\/p>\n\n\n\n<p class=\"has-normal-font-size\">Los ex\u00e1menes son on line con la supervisi\u00f3n de los docentes de la UTN,  se ofrecen en nivel primario y en nivel secundario con el acompa\u00f1amiento de los docentes a cada paso del proceso de formaci\u00f3n. <\/p>\n\n\n\n<figure class=\"wp-block-image size-large is-resized\"><img decoding=\"async\" loading=\"lazy\" src=\"https:\/\/campus.misericordiarosario.edu.ar\/sitio\/wp-content\/uploads\/2022\/09\/Logo-UTN-BS-AS-1.png\" alt=\"\" class=\"wp-image-1422\" width=\"250\" height=\"49\"\/><\/figure>\n\n\n\n<p><\/p>\n","protected":false},"excerpt":{"rendered":"<p>Desde el 2008 firmamos anualmente el convenio de Certificaci\u00f3n de Conocimientos Inform\u00e1ticos con la Secci\u00f3n Digital Junior de la Universidad Tecn\u00f3log\u00edca Nacional Regional Buenos Aires. \u00abCompetencias Digitales para el siglo XXI\u00bb Digital Junior es un programa de integraci\u00f3n de Competencias de Educaci\u00f3n Digital desarrollado por la Universidad Tecnol\u00f3gica Nacional. La firma de este convenio permite &#8230; <a title=\"Convenio de Certificaci\u00f3n con UTN Buenos Aires\" class=\"read-more\" href=\"https:\/\/campus.misericordiarosario.edu.ar\/sitio\/convenio-de-certificacion-con-utn-buenos-aires\/\" aria-label=\"More on Convenio de Certificaci\u00f3n con UTN Buenos Aires\">[+]<\/a><\/p>\n","protected":false},"author":1276,"featured_media":0,"parent":0,"menu_order":0,"comment_status":"closed","ping_status":"closed","template":"","meta":[],"acf":[],"_links":{"self":[{"href":"https:\/\/campus.misericordiarosario.edu.ar\/sitio\/wp-json\/wp\/v2\/pages\/1412"}],"collection":[{"href":"https:\/\/campus.misericordiarosario.edu.ar\/sitio\/wp-json\/wp\/v2\/pages"}],"about":[{"href":"https:\/\/campus.misericordiarosario.edu.ar\/sitio\/wp-json\/wp\/v2\/types\/page"}],"author":[{"embeddable":true,"href":"https:\/\/campus.misericordiarosario.edu.ar\/sitio\/wp-json\/wp\/v2\/users\/1276"}],"replies":[{"embeddable":true,"href":"https:\/\/campus.misericordiarosario.edu.ar\/sitio\/wp-json\/wp\/v2\/comments?post=1412"}],"version-history":[{"count":6,"href":"https:\/\/campus.misericordiarosario.edu.ar\/sitio\/wp-json\/wp\/v2\/pages\/1412\/revisions"}],"predecessor-version":[{"id":1425,"href":"https:\/\/campus.misericordiarosario.edu.ar\/sitio\/wp-json\/wp\/v2\/pages\/1412\/revisions\/1425"}],"wp:attachment":[{"href":"https:\/\/campus.misericordiarosario.edu.ar\/sitio\/wp-json\/wp\/v2\/media?parent=1412"}],"curies":[{"name":"wp","href":"https:\/\/api.w.org\/{rel}","templated":true}]}}